{"id":5,"date":"2016-02-03T04:08:41","date_gmt":"2016-02-03T04:08:41","guid":{"rendered":"http:\/\/wp442m.a10-52-158-154.qa.plesk.ru\/wordpress\/?page_id=2"},"modified":"2020-05-12T14:47:04","modified_gmt":"2020-05-12T14:47:04","slug":"sample-page-2","status":"publish","type":"page","link":"https:\/\/gartenbau-woll.de\/?page_id=5","title":{"rendered":"Landschaftspflege"},"content":{"rendered":"\n<div class=\"wp-block-image\"><figure class=\"aligncenter size-large is-resized\"><img loading=\"lazy\" src=\"https:\/\/www.gartenbau-woll.de\/wp-content\/uploads\/2020\/04\/pflegearbeiten-1024x219.jpg\" alt=\"\" class=\"wp-image-366\" width=\"1450\" height=\"309\" srcset=\"https:\/\/gartenbau-woll.de\/wp-content\/uploads\/2020\/04\/pflegearbeiten-1024x219.jpg 1024w, https:\/\/gartenbau-woll.de\/wp-content\/uploads\/2020\/04\/pflegearbeiten-300x64.jpg 300w, https:\/\/gartenbau-woll.de\/wp-content\/uploads\/2020\/04\/pflegearbeiten-768x164.jpg 768w, https:\/\/gartenbau-woll.de\/wp-content\/uploads\/2020\/04\/pflegearbeiten-1536x328.jpg 1536w, https:\/\/gartenbau-woll.de\/wp-content\/uploads\/2020\/04\/pflegearbeiten.jpg 1920w\" sizes=\"(max-width: 1450px) 100vw, 1450px\" \/><\/figure><\/div>\n\n\n<h5><span style=\"color: #000000;\">UNTERWEGS MIT DEM GR\u00dcNEN DAUMEN<\/span><\/h5>\n\n\n<p>Der richtige Umgang mit Pflanzen ist essentiell f\u00fcr einen harmonischen, lebendigen Garten. Die Wahl der passenden Blumen, Str\u00e4ucher, Gr\u00e4ser, B\u00e4ume und Stauden h\u00e4ngt von vielen Faktoren ab, die wir bei der Planung eines Gartens zu ber\u00fccksichtigen wissen. Gerade bei der Pflege macht sich unser gr\u00fcner Daumen bezahlt.<\/p>\n\n\n\n<p>Wir helfen den Gartenbesitzern bei anspruchsvollen Pflanzen, beim Unterhalt eines gesunden Rasens oder mit professionellem Geh\u00f6lzschnitt.<\/p>\n\n\n\n<ul><li>Anlegen von neuen Pflanz- und Blumenbeeten<\/li><li>Pflegen von bestehenden Anlagen<\/li><li>Str\u00e4ucher und Hecken schneiden<\/li><li>Roden von Hecken und B\u00fcschen<\/li><\/ul>\n","protected":false},"excerpt":{"rendered":"<p>UNTERWEGS MIT DEM GR\u00dcNEN DAUMEN Der richtige Umgang mit Pflanzen ist essentiell f\u00fcr einen harmonischen, lebendigen Garten. Die Wahl der passenden Blumen, Str\u00e4ucher, Gr\u00e4ser, B\u00e4ume und Stauden h\u00e4ngt von vielen Faktoren ab, die wir bei der Planung eines Gartens zu ber\u00fccksichtigen wissen. Gerade bei der Pflege macht sich unser gr\u00fcner Daumen bezahlt. Wir helfen den&#8230; <\/p>\n","protected":false},"author":1,"featured_media":0,"parent":0,"menu_order":0,"comment_status":"closed","ping_status":"closed","template":"full-width.php","meta":[],"yoast_head":"<!-- This site is optimized with the Yoast SEO plugin v19.8 - https:\/\/yoast.com\/wordpress\/plugins\/seo\/ -->\n<title>Landschaftspflege - Woll | Garten- &amp; Landschaftsbau<\/title>\n<meta name=\"robots\" content=\"index, follow, max-snippet:-1, max-image-preview:large, max-video-preview:-1\" \/>\n<link rel=\"canonical\" href=\"https:\/\/gartenbau-woll.de\/?page_id=5\" \/>\n<meta property=\"og:locale\" content=\"de_DE\" \/>\n<meta property=\"og:type\" content=\"article\" \/>\n<meta property=\"og:title\" content=\"Landschaftspflege - Woll | Garten- &amp; Landschaftsbau\" \/>\n<meta property=\"og:description\" content=\"UNTERWEGS MIT DEM GR\u00dcNEN DAUMEN Der richtige Umgang mit Pflanzen ist essentiell f\u00fcr einen harmonischen, lebendigen Garten. Die Wahl der passenden Blumen, Str\u00e4ucher, Gr\u00e4ser, B\u00e4ume und Stauden h\u00e4ngt von vielen Faktoren ab, die wir bei der Planung eines Gartens zu ber\u00fccksichtigen wissen. Gerade bei der Pflege macht sich unser gr\u00fcner Daumen bezahlt. Wir helfen den...\" \/>\n<meta property=\"og:url\" content=\"https:\/\/gartenbau-woll.de\/?page_id=5\" \/>\n<meta property=\"og:site_name\" content=\"Woll | Garten- &amp; Landschaftsbau\" \/>\n<meta property=\"article:publisher\" content=\"https:\/\/www.facebook.com\/Gartenbauwoll\/\" \/>\n<meta property=\"article:modified_time\" content=\"2020-05-12T14:47:04+00:00\" \/>\n<meta property=\"og:image\" content=\"https:\/\/www.gartenbau-woll.de\/wp-content\/uploads\/2020\/04\/pflegearbeiten-1024x219.jpg\" \/>\n<meta name=\"twitter:card\" content=\"summary_large_image\" \/>\n<script type=\"application\/ld+json\" class=\"yoast-schema-graph\">{\"@context\":\"https:\/\/schema.org\",\"@graph\":[{\"@type\":\"WebPage\",\"@id\":\"https:\/\/gartenbau-woll.de\/?page_id=5\",\"url\":\"https:\/\/gartenbau-woll.de\/?page_id=5\",\"name\":\"Landschaftspflege - Woll | Garten- &amp; Landschaftsbau\",\"isPartOf\":{\"@id\":\"https:\/\/gartenbau-woll.de\/#website\"},\"datePublished\":\"2016-02-03T04:08:41+00:00\",\"dateModified\":\"2020-05-12T14:47:04+00:00\",\"breadcrumb\":{\"@id\":\"https:\/\/gartenbau-woll.de\/?page_id=5#breadcrumb\"},\"inLanguage\":\"de\",\"potentialAction\":[{\"@type\":\"ReadAction\",\"target\":[\"https:\/\/gartenbau-woll.de\/?page_id=5\"]}]},{\"@type\":\"BreadcrumbList\",\"@id\":\"https:\/\/gartenbau-woll.de\/?page_id=5#breadcrumb\",\"itemListElement\":[{\"@type\":\"ListItem\",\"position\":1,\"name\":\"Startseite\",\"item\":\"https:\/\/gartenbau-woll.de\/\"},{\"@type\":\"ListItem\",\"position\":2,\"name\":\"Landschaftspflege\"}]},{\"@type\":\"WebSite\",\"@id\":\"https:\/\/gartenbau-woll.de\/#website\",\"url\":\"https:\/\/gartenbau-woll.de\/\",\"name\":\"Woll | Garten- und Landschaftsbau\",\"description\":\"\",\"publisher\":{\"@id\":\"https:\/\/gartenbau-woll.de\/#organization\"},\"potentialAction\":[{\"@type\":\"SearchAction\",\"target\":{\"@type\":\"EntryPoint\",\"urlTemplate\":\"https:\/\/gartenbau-woll.de\/?s={search_term_string}\"},\"query-input\":\"required name=search_term_string\"}],\"inLanguage\":\"de\"},{\"@type\":\"Organization\",\"@id\":\"https:\/\/gartenbau-woll.de\/#organization\",\"name\":\"Woll | Garten- und Landschaftsbau\",\"url\":\"https:\/\/gartenbau-woll.de\/\",\"sameAs\":[\"https:\/\/www.facebook.com\/Gartenbauwoll\/\"],\"logo\":{\"@type\":\"ImageObject\",\"inLanguage\":\"de\",\"@id\":\"https:\/\/gartenbau-woll.de\/#\/schema\/logo\/image\/\",\"url\":\"https:\/\/www.gartenbau-woll.de\/wp-content\/uploads\/2021\/04\/logo_weiss.png\",\"contentUrl\":\"https:\/\/www.gartenbau-woll.de\/wp-content\/uploads\/2021\/04\/logo_weiss.png\",\"width\":1116,\"height\":1116,\"caption\":\"Woll | Garten- und Landschaftsbau\"},\"image\":{\"@id\":\"https:\/\/gartenbau-woll.de\/#\/schema\/logo\/image\/\"}}]}<\/script>\n<!-- \/ Yoast SEO plugin. -->","yoast_head_json":{"title":"Landschaftspflege - Woll | Garten- &amp; Landschaftsbau","robots":{"index":"index","follow":"follow","max-snippet":"max-snippet:-1","max-image-preview":"max-image-preview:large","max-video-preview":"max-video-preview:-1"},"canonical":"https:\/\/gartenbau-woll.de\/?page_id=5","og_locale":"de_DE","og_type":"article","og_title":"Landschaftspflege - Woll | Garten- &amp; Landschaftsbau","og_description":"UNTERWEGS MIT DEM GR\u00dcNEN DAUMEN Der richtige Umgang mit Pflanzen ist essentiell f\u00fcr einen harmonischen, lebendigen Garten. Die Wahl der passenden Blumen, Str\u00e4ucher, Gr\u00e4ser, B\u00e4ume und Stauden h\u00e4ngt von vielen Faktoren ab, die wir bei der Planung eines Gartens zu ber\u00fccksichtigen wissen. Gerade bei der Pflege macht sich unser gr\u00fcner Daumen bezahlt. Wir helfen den...","og_url":"https:\/\/gartenbau-woll.de\/?page_id=5","og_site_name":"Woll | Garten- &amp; Landschaftsbau","article_publisher":"https:\/\/www.facebook.com\/Gartenbauwoll\/","article_modified_time":"2020-05-12T14:47:04+00:00","og_image":[{"url":"https:\/\/www.gartenbau-woll.de\/wp-content\/uploads\/2020\/04\/pflegearbeiten-1024x219.jpg"}],"twitter_card":"summary_large_image","schema":{"@context":"https:\/\/schema.org","@graph":[{"@type":"WebPage","@id":"https:\/\/gartenbau-woll.de\/?page_id=5","url":"https:\/\/gartenbau-woll.de\/?page_id=5","name":"Landschaftspflege - Woll | Garten- &amp; Landschaftsbau","isPartOf":{"@id":"https:\/\/gartenbau-woll.de\/#website"},"datePublished":"2016-02-03T04:08:41+00:00","dateModified":"2020-05-12T14:47:04+00:00","breadcrumb":{"@id":"https:\/\/gartenbau-woll.de\/?page_id=5#breadcrumb"},"inLanguage":"de","potentialAction":[{"@type":"ReadAction","target":["https:\/\/gartenbau-woll.de\/?page_id=5"]}]},{"@type":"BreadcrumbList","@id":"https:\/\/gartenbau-woll.de\/?page_id=5#breadcrumb","itemListElement":[{"@type":"ListItem","position":1,"name":"Startseite","item":"https:\/\/gartenbau-woll.de\/"},{"@type":"ListItem","position":2,"name":"Landschaftspflege"}]},{"@type":"WebSite","@id":"https:\/\/gartenbau-woll.de\/#website","url":"https:\/\/gartenbau-woll.de\/","name":"Woll | Garten- und Landschaftsbau","description":"","publisher":{"@id":"https:\/\/gartenbau-woll.de\/#organization"},"potentialAction":[{"@type":"SearchAction","target":{"@type":"EntryPoint","urlTemplate":"https:\/\/gartenbau-woll.de\/?s={search_term_string}"},"query-input":"required name=search_term_string"}],"inLanguage":"de"},{"@type":"Organization","@id":"https:\/\/gartenbau-woll.de\/#organization","name":"Woll | Garten- und Landschaftsbau","url":"https:\/\/gartenbau-woll.de\/","sameAs":["https:\/\/www.facebook.com\/Gartenbauwoll\/"],"logo":{"@type":"ImageObject","inLanguage":"de","@id":"https:\/\/gartenbau-woll.de\/#\/schema\/logo\/image\/","url":"https:\/\/www.gartenbau-woll.de\/wp-content\/uploads\/2021\/04\/logo_weiss.png","contentUrl":"https:\/\/www.gartenbau-woll.de\/wp-content\/uploads\/2021\/04\/logo_weiss.png","width":1116,"height":1116,"caption":"Woll | Garten- und Landschaftsbau"},"image":{"@id":"https:\/\/gartenbau-woll.de\/#\/schema\/logo\/image\/"}}]}},"_links":{"self":[{"href":"https:\/\/gartenbau-woll.de\/index.php?rest_route=\/wp\/v2\/pages\/5"}],"collection":[{"href":"https:\/\/gartenbau-woll.de\/index.php?rest_route=\/wp\/v2\/pages"}],"about":[{"href":"https:\/\/gartenbau-woll.de\/index.php?rest_route=\/wp\/v2\/types\/page"}],"author":[{"embeddable":true,"href":"https:\/\/gartenbau-woll.de\/index.php?rest_route=\/wp\/v2\/users\/1"}],"replies":[{"embeddable":true,"href":"https:\/\/gartenbau-woll.de\/index.php?rest_route=%2Fwp%2Fv2%2Fcomments&post=5"}],"version-history":[{"count":21,"href":"https:\/\/gartenbau-woll.de\/index.php?rest_route=\/wp\/v2\/pages\/5\/revisions"}],"predecessor-version":[{"id":503,"href":"https:\/\/gartenbau-woll.de\/index.php?rest_route=\/wp\/v2\/pages\/5\/revisions\/503"}],"wp:attachment":[{"href":"https:\/\/gartenbau-woll.de\/index.php?rest_route=%2Fwp%2Fv2%2Fmedia&parent=5"}],"curies":[{"name":"wp","href":"https:\/\/api.w.org\/{rel}","templated":true}]}}