{"id":45,"date":"2016-02-10T12:11:47","date_gmt":"2016-02-10T12:11:47","guid":{"rendered":"http:\/\/twentyoneevents.de\/wordpress\/?page_id=45"},"modified":"2021-05-05T07:21:12","modified_gmt":"2021-05-05T07:21:12","slug":"unser-service","status":"publish","type":"page","link":"https:\/\/gartenbau-woll.de\/?page_id=45","title":{"rendered":"Privatanlagen"},"content":{"rendered":"\n<div class=\"wp-block-image\"><figure class=\"aligncenter size-large is-resized\"><img loading=\"lazy\" src=\"https:\/\/www.gartenbau-woll.de\/wp-content\/uploads\/2020\/04\/privatgartenbau-1024x219.jpg\" alt=\"\" class=\"wp-image-358\" width=\"1450\" height=\"310\" srcset=\"https:\/\/gartenbau-woll.de\/wp-content\/uploads\/2020\/04\/privatgartenbau-1024x219.jpg 1024w, https:\/\/gartenbau-woll.de\/wp-content\/uploads\/2020\/04\/privatgartenbau-300x64.jpg 300w, https:\/\/gartenbau-woll.de\/wp-content\/uploads\/2020\/04\/privatgartenbau-768x164.jpg 768w, https:\/\/gartenbau-woll.de\/wp-content\/uploads\/2020\/04\/privatgartenbau-1536x328.jpg 1536w, https:\/\/gartenbau-woll.de\/wp-content\/uploads\/2020\/04\/privatgartenbau.jpg 1920w\" sizes=\"(max-width: 1450px) 100vw, 1450px\" \/><\/figure><\/div>\n\n\n<h5>MIT UNS L\u00c4UFTS RUND &#8211; GANZ OHNE STRESS<\/h5>\n<p>Unserem Ideenreichtum in Gr\u00fcn sind kaum Grenzen gesetzt. Weder bei den Pflanzen noch beim Bau der Wege und Pl\u00e4tze, die einen Garten strukturieren.<\/p>\n<p>Umso vorteilhafter, dass wir im Bereich Materialien aus dem Vollen sch\u00f6pfen k\u00f6nnen. Mit einer gro\u00dfen Auswahl von Natur- und Betonwerksteinen, setzen wir aktuelle Trends oder klassische Elemente im Platz- und Wegebau kreativ und stilsicher um.<\/p>\n<ul>\n<li>Gartenplanung<\/li>\n<li>Gartengestaltung<\/li>\n<li>Trocken- und Natursteinmauern jeglicher Art<\/li>\n<li>Beton- und Granitpflaster arbeiten<\/li>\n<li>Wege- und Terrassenbau<\/li>\n<li>Teich- und Brunnenbau<\/li>\n<li>Pflanzarbeiten jeglicher Art \/ Strauch und Heckenschnitt<\/li>\n<li>Rasenpflege, Rasensaat, Rollrasenverlegung, Schotterrasen<\/li>\n<li>Alles rund ums Haus &amp; Garten<\/li>\n<\/ul>\n\n\n<p><\/p>\n","protected":false},"excerpt":{"rendered":"<p>MIT UNS L\u00c4UFTS RUND &#8211; GANZ OHNE STRESS Unserem Ideenreichtum in Gr\u00fcn sind kaum Grenzen gesetzt. Weder bei den Pflanzen noch beim Bau der Wege und Pl\u00e4tze, die einen Garten strukturieren. Umso vorteilhafter, dass wir im Bereich Materialien aus dem Vollen sch\u00f6pfen k\u00f6nnen. Mit einer gro\u00dfen Auswahl von Natur- und Betonwerksteinen, setzen wir aktuelle Trends&#8230; <\/p>\n","protected":false},"author":1,"featured_media":0,"parent":0,"menu_order":0,"comment_status":"closed","ping_status":"closed","template":"full-width.php","meta":[],"yoast_head":"<!-- This site is optimized with the Yoast SEO plugin v19.8 - https:\/\/yoast.com\/wordpress\/plugins\/seo\/ -->\n<title>Privatanlagen - Woll | Garten- &amp; Landschaftsbau<\/title>\n<meta name=\"robots\" content=\"index, follow, max-snippet:-1, max-image-preview:large, max-video-preview:-1\" \/>\n<link rel=\"canonical\" href=\"https:\/\/gartenbau-woll.de\/?page_id=45\" \/>\n<meta property=\"og:locale\" content=\"de_DE\" \/>\n<meta property=\"og:type\" content=\"article\" \/>\n<meta property=\"og:title\" content=\"Privatanlagen - Woll | Garten- &amp; Landschaftsbau\" \/>\n<meta property=\"og:description\" content=\"MIT UNS L\u00c4UFTS RUND &#8211; GANZ OHNE STRESS Unserem Ideenreichtum in Gr\u00fcn sind kaum Grenzen gesetzt. Weder bei den Pflanzen noch beim Bau der Wege und Pl\u00e4tze, die einen Garten strukturieren. Umso vorteilhafter, dass wir im Bereich Materialien aus dem Vollen sch\u00f6pfen k\u00f6nnen. Mit einer gro\u00dfen Auswahl von Natur- und Betonwerksteinen, setzen wir aktuelle Trends...\" \/>\n<meta property=\"og:url\" content=\"https:\/\/gartenbau-woll.de\/?page_id=45\" \/>\n<meta property=\"og:site_name\" content=\"Woll | Garten- &amp; Landschaftsbau\" \/>\n<meta property=\"article:publisher\" content=\"https:\/\/www.facebook.com\/Gartenbauwoll\/\" \/>\n<meta property=\"article:modified_time\" content=\"2021-05-05T07:21:12+00:00\" \/>\n<meta property=\"og:image\" content=\"https:\/\/www.gartenbau-woll.de\/wp-content\/uploads\/2020\/04\/privatgartenbau-1024x219.jpg\" \/>\n<meta name=\"twitter:card\" content=\"summary_large_image\" \/>\n<meta name=\"twitter:label1\" content=\"Gesch\u00e4tzte Lesezeit\" \/>\n\t<meta name=\"twitter:data1\" content=\"1\u00a0Minute\" \/>\n<script type=\"application\/ld+json\" class=\"yoast-schema-graph\">{\"@context\":\"https:\/\/schema.org\",\"@graph\":[{\"@type\":\"WebPage\",\"@id\":\"https:\/\/gartenbau-woll.de\/?page_id=45\",\"url\":\"https:\/\/gartenbau-woll.de\/?page_id=45\",\"name\":\"Privatanlagen - Woll | Garten- &amp; Landschaftsbau\",\"isPartOf\":{\"@id\":\"https:\/\/gartenbau-woll.de\/#website\"},\"datePublished\":\"2016-02-10T12:11:47+00:00\",\"dateModified\":\"2021-05-05T07:21:12+00:00\",\"breadcrumb\":{\"@id\":\"https:\/\/gartenbau-woll.de\/?page_id=45#breadcrumb\"},\"inLanguage\":\"de\",\"potentialAction\":[{\"@type\":\"ReadAction\",\"target\":[\"https:\/\/gartenbau-woll.de\/?page_id=45\"]}]},{\"@type\":\"BreadcrumbList\",\"@id\":\"https:\/\/gartenbau-woll.de\/?page_id=45#breadcrumb\",\"itemListElement\":[{\"@type\":\"ListItem\",\"position\":1,\"name\":\"Startseite\",\"item\":\"https:\/\/gartenbau-woll.de\/\"},{\"@type\":\"ListItem\",\"position\":2,\"name\":\"Privatanlagen\"}]},{\"@type\":\"WebSite\",\"@id\":\"https:\/\/gartenbau-woll.de\/#website\",\"url\":\"https:\/\/gartenbau-woll.de\/\",\"name\":\"Woll | Garten- und Landschaftsbau\",\"description\":\"\",\"publisher\":{\"@id\":\"https:\/\/gartenbau-woll.de\/#organization\"},\"potentialAction\":[{\"@type\":\"SearchAction\",\"target\":{\"@type\":\"EntryPoint\",\"urlTemplate\":\"https:\/\/gartenbau-woll.de\/?s={search_term_string}\"},\"query-input\":\"required name=search_term_string\"}],\"inLanguage\":\"de\"},{\"@type\":\"Organization\",\"@id\":\"https:\/\/gartenbau-woll.de\/#organization\",\"name\":\"Woll | Garten- und Landschaftsbau\",\"url\":\"https:\/\/gartenbau-woll.de\/\",\"sameAs\":[\"https:\/\/www.facebook.com\/Gartenbauwoll\/\"],\"logo\":{\"@type\":\"ImageObject\",\"inLanguage\":\"de\",\"@id\":\"https:\/\/gartenbau-woll.de\/#\/schema\/logo\/image\/\",\"url\":\"https:\/\/www.gartenbau-woll.de\/wp-content\/uploads\/2021\/04\/logo_weiss.png\",\"contentUrl\":\"https:\/\/www.gartenbau-woll.de\/wp-content\/uploads\/2021\/04\/logo_weiss.png\",\"width\":1116,\"height\":1116,\"caption\":\"Woll | Garten- und Landschaftsbau\"},\"image\":{\"@id\":\"https:\/\/gartenbau-woll.de\/#\/schema\/logo\/image\/\"}}]}<\/script>\n<!-- \/ Yoast SEO plugin. -->","yoast_head_json":{"title":"Privatanlagen - Woll | Garten- &amp; Landschaftsbau","robots":{"index":"index","follow":"follow","max-snippet":"max-snippet:-1","max-image-preview":"max-image-preview:large","max-video-preview":"max-video-preview:-1"},"canonical":"https:\/\/gartenbau-woll.de\/?page_id=45","og_locale":"de_DE","og_type":"article","og_title":"Privatanlagen - Woll | Garten- &amp; Landschaftsbau","og_description":"MIT UNS L\u00c4UFTS RUND &#8211; GANZ OHNE STRESS Unserem Ideenreichtum in Gr\u00fcn sind kaum Grenzen gesetzt. Weder bei den Pflanzen noch beim Bau der Wege und Pl\u00e4tze, die einen Garten strukturieren. Umso vorteilhafter, dass wir im Bereich Materialien aus dem Vollen sch\u00f6pfen k\u00f6nnen. Mit einer gro\u00dfen Auswahl von Natur- und Betonwerksteinen, setzen wir aktuelle Trends...","og_url":"https:\/\/gartenbau-woll.de\/?page_id=45","og_site_name":"Woll | Garten- &amp; Landschaftsbau","article_publisher":"https:\/\/www.facebook.com\/Gartenbauwoll\/","article_modified_time":"2021-05-05T07:21:12+00:00","og_image":[{"url":"https:\/\/www.gartenbau-woll.de\/wp-content\/uploads\/2020\/04\/privatgartenbau-1024x219.jpg"}],"twitter_card":"summary_large_image","twitter_misc":{"Gesch\u00e4tzte Lesezeit":"1\u00a0Minute"},"schema":{"@context":"https:\/\/schema.org","@graph":[{"@type":"WebPage","@id":"https:\/\/gartenbau-woll.de\/?page_id=45","url":"https:\/\/gartenbau-woll.de\/?page_id=45","name":"Privatanlagen - Woll | Garten- &amp; Landschaftsbau","isPartOf":{"@id":"https:\/\/gartenbau-woll.de\/#website"},"datePublished":"2016-02-10T12:11:47+00:00","dateModified":"2021-05-05T07:21:12+00:00","breadcrumb":{"@id":"https:\/\/gartenbau-woll.de\/?page_id=45#breadcrumb"},"inLanguage":"de","potentialAction":[{"@type":"ReadAction","target":["https:\/\/gartenbau-woll.de\/?page_id=45"]}]},{"@type":"BreadcrumbList","@id":"https:\/\/gartenbau-woll.de\/?page_id=45#breadcrumb","itemListElement":[{"@type":"ListItem","position":1,"name":"Startseite","item":"https:\/\/gartenbau-woll.de\/"},{"@type":"ListItem","position":2,"name":"Privatanlagen"}]},{"@type":"WebSite","@id":"https:\/\/gartenbau-woll.de\/#website","url":"https:\/\/gartenbau-woll.de\/","name":"Woll | Garten- und Landschaftsbau","description":"","publisher":{"@id":"https:\/\/gartenbau-woll.de\/#organization"},"potentialAction":[{"@type":"SearchAction","target":{"@type":"EntryPoint","urlTemplate":"https:\/\/gartenbau-woll.de\/?s={search_term_string}"},"query-input":"required name=search_term_string"}],"inLanguage":"de"},{"@type":"Organization","@id":"https:\/\/gartenbau-woll.de\/#organization","name":"Woll | Garten- und Landschaftsbau","url":"https:\/\/gartenbau-woll.de\/","sameAs":["https:\/\/www.facebook.com\/Gartenbauwoll\/"],"logo":{"@type":"ImageObject","inLanguage":"de","@id":"https:\/\/gartenbau-woll.de\/#\/schema\/logo\/image\/","url":"https:\/\/www.gartenbau-woll.de\/wp-content\/uploads\/2021\/04\/logo_weiss.png","contentUrl":"https:\/\/www.gartenbau-woll.de\/wp-content\/uploads\/2021\/04\/logo_weiss.png","width":1116,"height":1116,"caption":"Woll | Garten- und Landschaftsbau"},"image":{"@id":"https:\/\/gartenbau-woll.de\/#\/schema\/logo\/image\/"}}]}},"_links":{"self":[{"href":"https:\/\/gartenbau-woll.de\/index.php?rest_route=\/wp\/v2\/pages\/45"}],"collection":[{"href":"https:\/\/gartenbau-woll.de\/index.php?rest_route=\/wp\/v2\/pages"}],"about":[{"href":"https:\/\/gartenbau-woll.de\/index.php?rest_route=\/wp\/v2\/types\/page"}],"author":[{"embeddable":true,"href":"https:\/\/gartenbau-woll.de\/index.php?rest_route=\/wp\/v2\/users\/1"}],"replies":[{"embeddable":true,"href":"https:\/\/gartenbau-woll.de\/index.php?rest_route=%2Fwp%2Fv2%2Fcomments&post=45"}],"version-history":[{"count":10,"href":"https:\/\/gartenbau-woll.de\/index.php?rest_route=\/wp\/v2\/pages\/45\/revisions"}],"predecessor-version":[{"id":538,"href":"https:\/\/gartenbau-woll.de\/index.php?rest_route=\/wp\/v2\/pages\/45\/revisions\/538"}],"wp:attachment":[{"href":"https:\/\/gartenbau-woll.de\/index.php?rest_route=%2Fwp%2Fv2%2Fmedia&parent=45"}],"curies":[{"name":"wp","href":"https:\/\/api.w.org\/{rel}","templated":true}]}}