{"id":39,"date":"2016-02-10T12:06:49","date_gmt":"2016-02-10T12:06:49","guid":{"rendered":"http:\/\/twentyoneevents.de\/wordpress\/?page_id=39"},"modified":"2020-05-14T08:16:28","modified_gmt":"2020-05-14T08:16:28","slug":"landschaftsbau","status":"publish","type":"page","link":"https:\/\/gartenbau-woll.de\/?page_id=39","title":{"rendered":"Gewerbe- \/ Kommunalbau"},"content":{"rendered":"\n<div class=\"wp-block-image\"><figure class=\"aligncenter size-large is-resized\"><img loading=\"lazy\" src=\"https:\/\/www.gartenbau-woll.de\/wp-content\/uploads\/2020\/04\/kommunalbau-1024x219.jpg\" alt=\"\" class=\"wp-image-327\" width=\"1450\" height=\"310\" srcset=\"https:\/\/gartenbau-woll.de\/wp-content\/uploads\/2020\/04\/kommunalbau-1024x219.jpg 1024w, https:\/\/gartenbau-woll.de\/wp-content\/uploads\/2020\/04\/kommunalbau-300x64.jpg 300w, https:\/\/gartenbau-woll.de\/wp-content\/uploads\/2020\/04\/kommunalbau-768x164.jpg 768w, https:\/\/gartenbau-woll.de\/wp-content\/uploads\/2020\/04\/kommunalbau-1536x328.jpg 1536w, https:\/\/gartenbau-woll.de\/wp-content\/uploads\/2020\/04\/kommunalbau.jpg 1920w\" sizes=\"(max-width: 1450px) 100vw, 1450px\" \/><\/figure><\/div>\n\n\n<h5>WIR LEGEN IHNEN DIE SCH\u00d6NSTEN STEINE IN DEN WEG<\/h5>\n<p>Zuverl\u00e4ssigkeit, Termin- und Kostentreue, 40 Jahre Erfahrung und das langj\u00e4hrige Vertrauen von Unternehmen und Architekten aus der Umgebung machen uns zum optimalen Partner in Sachen Gewerbe und Kommunalbau.<\/p>\n<p>Als schlank organisiertes Familienunternehmen agieren wir flexibel und nah am Auftraggeber und Bauherr.<\/p>\n<ul type=\"disc\">\n<li>Landschaftsbau<\/li>\n<li>Tiefbau<\/li>\n<li>Entw\u00e4sserungsarbeiten<\/li>\n<li>Hangbefestigungen<\/li>\n<li>Erdarbeiten<\/li>\n<li>Kanalarbeiten<\/li>\n<li>Drainagen<\/li>\n<li>Dachbegr\u00fcnungen<\/li>\n<li>Und einiges mehr<\/li>\n<\/ul>","protected":false},"excerpt":{"rendered":"<p>WIR LEGEN IHNEN DIE SCH\u00d6NSTEN STEINE IN DEN WEG Zuverl\u00e4ssigkeit, Termin- und Kostentreue, 40 Jahre Erfahrung und das langj\u00e4hrige Vertrauen von Unternehmen und Architekten aus der Umgebung machen uns zum optimalen Partner in Sachen Gewerbe und Kommunalbau. Als schlank organisiertes Familienunternehmen agieren wir flexibel und nah am Auftraggeber und Bauherr. Landschaftsbau Tiefbau Entw\u00e4sserungsarbeiten Hangbefestigungen Erdarbeiten&#8230; <\/p>\n","protected":false},"author":1,"featured_media":0,"parent":0,"menu_order":0,"comment_status":"closed","ping_status":"closed","template":"full-width.php","meta":[],"yoast_head":"<!-- This site is optimized with the Yoast SEO plugin v19.8 - https:\/\/yoast.com\/wordpress\/plugins\/seo\/ -->\n<title>Gewerbe- \/ Kommunalbau - Woll | Garten- &amp; Landschaftsbau<\/title>\n<meta name=\"robots\" content=\"index, follow, max-snippet:-1, max-image-preview:large, max-video-preview:-1\" \/>\n<link rel=\"canonical\" href=\"https:\/\/gartenbau-woll.de\/?page_id=39\" \/>\n<meta property=\"og:locale\" content=\"de_DE\" \/>\n<meta property=\"og:type\" content=\"article\" \/>\n<meta property=\"og:title\" content=\"Gewerbe- \/ Kommunalbau - Woll | Garten- &amp; Landschaftsbau\" \/>\n<meta property=\"og:description\" content=\"WIR LEGEN IHNEN DIE SCH\u00d6NSTEN STEINE IN DEN WEG Zuverl\u00e4ssigkeit, Termin- und Kostentreue, 40 Jahre Erfahrung und das langj\u00e4hrige Vertrauen von Unternehmen und Architekten aus der Umgebung machen uns zum optimalen Partner in Sachen Gewerbe und Kommunalbau. Als schlank organisiertes Familienunternehmen agieren wir flexibel und nah am Auftraggeber und Bauherr. Landschaftsbau Tiefbau Entw\u00e4sserungsarbeiten Hangbefestigungen Erdarbeiten...\" \/>\n<meta property=\"og:url\" content=\"https:\/\/gartenbau-woll.de\/?page_id=39\" \/>\n<meta property=\"og:site_name\" content=\"Woll | Garten- &amp; Landschaftsbau\" \/>\n<meta property=\"article:publisher\" content=\"https:\/\/www.facebook.com\/Gartenbauwoll\/\" \/>\n<meta property=\"article:modified_time\" content=\"2020-05-14T08:16:28+00:00\" \/>\n<meta property=\"og:image\" content=\"https:\/\/www.gartenbau-woll.de\/wp-content\/uploads\/2020\/04\/kommunalbau-1024x219.jpg\" \/>\n<meta name=\"twitter:card\" content=\"summary_large_image\" \/>\n<script type=\"application\/ld+json\" class=\"yoast-schema-graph\">{\"@context\":\"https:\/\/schema.org\",\"@graph\":[{\"@type\":\"WebPage\",\"@id\":\"https:\/\/gartenbau-woll.de\/?page_id=39\",\"url\":\"https:\/\/gartenbau-woll.de\/?page_id=39\",\"name\":\"Gewerbe- \/ Kommunalbau - Woll | Garten- &amp; Landschaftsbau\",\"isPartOf\":{\"@id\":\"https:\/\/gartenbau-woll.de\/#website\"},\"datePublished\":\"2016-02-10T12:06:49+00:00\",\"dateModified\":\"2020-05-14T08:16:28+00:00\",\"breadcrumb\":{\"@id\":\"https:\/\/gartenbau-woll.de\/?page_id=39#breadcrumb\"},\"inLanguage\":\"de\",\"potentialAction\":[{\"@type\":\"ReadAction\",\"target\":[\"https:\/\/gartenbau-woll.de\/?page_id=39\"]}]},{\"@type\":\"BreadcrumbList\",\"@id\":\"https:\/\/gartenbau-woll.de\/?page_id=39#breadcrumb\",\"itemListElement\":[{\"@type\":\"ListItem\",\"position\":1,\"name\":\"Startseite\",\"item\":\"https:\/\/gartenbau-woll.de\/\"},{\"@type\":\"ListItem\",\"position\":2,\"name\":\"Gewerbe- \/ Kommunalbau\"}]},{\"@type\":\"WebSite\",\"@id\":\"https:\/\/gartenbau-woll.de\/#website\",\"url\":\"https:\/\/gartenbau-woll.de\/\",\"name\":\"Woll | Garten- und Landschaftsbau\",\"description\":\"\",\"publisher\":{\"@id\":\"https:\/\/gartenbau-woll.de\/#organization\"},\"potentialAction\":[{\"@type\":\"SearchAction\",\"target\":{\"@type\":\"EntryPoint\",\"urlTemplate\":\"https:\/\/gartenbau-woll.de\/?s={search_term_string}\"},\"query-input\":\"required name=search_term_string\"}],\"inLanguage\":\"de\"},{\"@type\":\"Organization\",\"@id\":\"https:\/\/gartenbau-woll.de\/#organization\",\"name\":\"Woll | Garten- und Landschaftsbau\",\"url\":\"https:\/\/gartenbau-woll.de\/\",\"sameAs\":[\"https:\/\/www.facebook.com\/Gartenbauwoll\/\"],\"logo\":{\"@type\":\"ImageObject\",\"inLanguage\":\"de\",\"@id\":\"https:\/\/gartenbau-woll.de\/#\/schema\/logo\/image\/\",\"url\":\"https:\/\/www.gartenbau-woll.de\/wp-content\/uploads\/2021\/04\/logo_weiss.png\",\"contentUrl\":\"https:\/\/www.gartenbau-woll.de\/wp-content\/uploads\/2021\/04\/logo_weiss.png\",\"width\":1116,\"height\":1116,\"caption\":\"Woll | Garten- und Landschaftsbau\"},\"image\":{\"@id\":\"https:\/\/gartenbau-woll.de\/#\/schema\/logo\/image\/\"}}]}<\/script>\n<!-- \/ Yoast SEO plugin. -->","yoast_head_json":{"title":"Gewerbe- \/ Kommunalbau - Woll | Garten- &amp; Landschaftsbau","robots":{"index":"index","follow":"follow","max-snippet":"max-snippet:-1","max-image-preview":"max-image-preview:large","max-video-preview":"max-video-preview:-1"},"canonical":"https:\/\/gartenbau-woll.de\/?page_id=39","og_locale":"de_DE","og_type":"article","og_title":"Gewerbe- \/ Kommunalbau - Woll | Garten- &amp; Landschaftsbau","og_description":"WIR LEGEN IHNEN DIE SCH\u00d6NSTEN STEINE IN DEN WEG Zuverl\u00e4ssigkeit, Termin- und Kostentreue, 40 Jahre Erfahrung und das langj\u00e4hrige Vertrauen von Unternehmen und Architekten aus der Umgebung machen uns zum optimalen Partner in Sachen Gewerbe und Kommunalbau. Als schlank organisiertes Familienunternehmen agieren wir flexibel und nah am Auftraggeber und Bauherr. Landschaftsbau Tiefbau Entw\u00e4sserungsarbeiten Hangbefestigungen Erdarbeiten...","og_url":"https:\/\/gartenbau-woll.de\/?page_id=39","og_site_name":"Woll | Garten- &amp; Landschaftsbau","article_publisher":"https:\/\/www.facebook.com\/Gartenbauwoll\/","article_modified_time":"2020-05-14T08:16:28+00:00","og_image":[{"url":"https:\/\/www.gartenbau-woll.de\/wp-content\/uploads\/2020\/04\/kommunalbau-1024x219.jpg"}],"twitter_card":"summary_large_image","schema":{"@context":"https:\/\/schema.org","@graph":[{"@type":"WebPage","@id":"https:\/\/gartenbau-woll.de\/?page_id=39","url":"https:\/\/gartenbau-woll.de\/?page_id=39","name":"Gewerbe- \/ Kommunalbau - Woll | Garten- &amp; Landschaftsbau","isPartOf":{"@id":"https:\/\/gartenbau-woll.de\/#website"},"datePublished":"2016-02-10T12:06:49+00:00","dateModified":"2020-05-14T08:16:28+00:00","breadcrumb":{"@id":"https:\/\/gartenbau-woll.de\/?page_id=39#breadcrumb"},"inLanguage":"de","potentialAction":[{"@type":"ReadAction","target":["https:\/\/gartenbau-woll.de\/?page_id=39"]}]},{"@type":"BreadcrumbList","@id":"https:\/\/gartenbau-woll.de\/?page_id=39#breadcrumb","itemListElement":[{"@type":"ListItem","position":1,"name":"Startseite","item":"https:\/\/gartenbau-woll.de\/"},{"@type":"ListItem","position":2,"name":"Gewerbe- \/ Kommunalbau"}]},{"@type":"WebSite","@id":"https:\/\/gartenbau-woll.de\/#website","url":"https:\/\/gartenbau-woll.de\/","name":"Woll | Garten- und Landschaftsbau","description":"","publisher":{"@id":"https:\/\/gartenbau-woll.de\/#organization"},"potentialAction":[{"@type":"SearchAction","target":{"@type":"EntryPoint","urlTemplate":"https:\/\/gartenbau-woll.de\/?s={search_term_string}"},"query-input":"required name=search_term_string"}],"inLanguage":"de"},{"@type":"Organization","@id":"https:\/\/gartenbau-woll.de\/#organization","name":"Woll | Garten- und Landschaftsbau","url":"https:\/\/gartenbau-woll.de\/","sameAs":["https:\/\/www.facebook.com\/Gartenbauwoll\/"],"logo":{"@type":"ImageObject","inLanguage":"de","@id":"https:\/\/gartenbau-woll.de\/#\/schema\/logo\/image\/","url":"https:\/\/www.gartenbau-woll.de\/wp-content\/uploads\/2021\/04\/logo_weiss.png","contentUrl":"https:\/\/www.gartenbau-woll.de\/wp-content\/uploads\/2021\/04\/logo_weiss.png","width":1116,"height":1116,"caption":"Woll | Garten- und Landschaftsbau"},"image":{"@id":"https:\/\/gartenbau-woll.de\/#\/schema\/logo\/image\/"}}]}},"_links":{"self":[{"href":"https:\/\/gartenbau-woll.de\/index.php?rest_route=\/wp\/v2\/pages\/39"}],"collection":[{"href":"https:\/\/gartenbau-woll.de\/index.php?rest_route=\/wp\/v2\/pages"}],"about":[{"href":"https:\/\/gartenbau-woll.de\/index.php?rest_route=\/wp\/v2\/types\/page"}],"author":[{"embeddable":true,"href":"https:\/\/gartenbau-woll.de\/index.php?rest_route=\/wp\/v2\/users\/1"}],"replies":[{"embeddable":true,"href":"https:\/\/gartenbau-woll.de\/index.php?rest_route=%2Fwp%2Fv2%2Fcomments&post=39"}],"version-history":[{"count":13,"href":"https:\/\/gartenbau-woll.de\/index.php?rest_route=\/wp\/v2\/pages\/39\/revisions"}],"predecessor-version":[{"id":521,"href":"https:\/\/gartenbau-woll.de\/index.php?rest_route=\/wp\/v2\/pages\/39\/revisions\/521"}],"wp:attachment":[{"href":"https:\/\/gartenbau-woll.de\/index.php?rest_route=%2Fwp%2Fv2%2Fmedia&parent=39"}],"curies":[{"name":"wp","href":"https:\/\/api.w.org\/{rel}","templated":true}]}}